{"id":1009,"date":"2018-01-14T12:51:36","date_gmt":"2018-01-14T11:51:36","guid":{"rendered":"http:\/\/www.tintinnabule.fr\/wordpress\/?page_id=1009"},"modified":"2018-01-20T23:26:12","modified_gmt":"2018-01-20T22:26:12","slug":"programmation-scolaire-2018","status":"publish","type":"page","link":"https:\/\/www.tintinnabule.fr\/wordpress\/?page_id=1009","title":{"rendered":"Programmation scolaire 2018"},"content":{"rendered":"<div class=\"twoclick_social_bookmarks_post_1009 social_share_privacy clearfix 1.6.4 locale-fr_FR sprite-\"><\/div><div class=\"twoclick-js\"><script type=\"text\/javascript\">\/* <![CDATA[ *\/\njQuery(document).ready(function($){if($('.twoclick_social_bookmarks_post_1009')){$('.twoclick_social_bookmarks_post_1009').socialSharePrivacy({\"txt_help\":\"Wenn Sie diese Felder durch einen Klick aktivieren, werden Informationen an Facebook, Twitter, Flattr, Xing, t3n, LinkedIn, Pinterest oder Google eventuell ins Ausland \\u00fcbertragen und unter Umst\\u00e4nden auch dort gespeichert. N\\u00e4heres erfahren Sie durch einen Klick auf das <em>i<\\\/em>.\",\"settings_perma\":\"Dauerhaft aktivieren und Daten\\u00fcber-tragung zustimmen:\",\"info_link\":\"http:\\\/\\\/www.heise.de\\\/ct\\\/artikel\\\/2-Klicks-fuer-mehr-Datenschutz-1333879.html\",\"uri\":\"https:\\\/\\\/www.tintinnabule.fr\\\/wordpress\\\/?page_id=1009\",\"post_id\":1009,\"post_title_referrer_track\":\"Programmation+scolaire+2018\",\"display_infobox\":\"on\"});}});\n\/* ]]> *\/<\/script><\/div><h2 style=\"text-align: center;\">Festival 2018<\/h2>\n<h2 style=\"text-align: center;\">s\u00e9ances scolaires<\/h2>\n<p>Liste des artistes se produisant lors de s\u00e9ances scolaires :<\/p>\n<p><a href=\"http:\/\/www.tintinnabule.fr\/wordpress\/?p=1027\">Brice Kapel : Coloricocola<\/a><br \/>\nThomas Pitiot : R\u00e9cital<br \/>\n<a href=\"http:\/\/www.tintinnabule.fr\/wordpress\/?p=1044\">Petrek : Oh\u00a0! Les beaux jours<\/a><br \/>\n<a href=\"http:\/\/www.tintinnabule.fr\/wordpress\/?p=1047\">Le Ba Ya Trio : Tour du monde en chansons<\/a><br \/>\n<a href=\"http:\/\/www.tintinnabule.fr\/wordpress\/?p=1062\">Alain Schneider : R\u00e9cital<\/a><br \/>\n<a href=\"http:\/\/www.tintinnabule.fr\/wordpress\/?p=1051\">Gil Chovet : Trois petites notes<\/a><\/p>\n","protected":false},"excerpt":{"rendered":"<p>Festival 2018 s\u00e9ances scolaires Liste des artistes se produisant lors de s\u00e9ances scolaires : Brice Kapel : Coloricocola Thomas Pitiot : R\u00e9cital Petrek : Oh\u00a0! Les beaux jours Le Ba Ya Trio : Tour du monde en chansons Alain Schneider : R\u00e9cital Gil Chovet : Trois petites notes<\/p>\n","protected":false},"author":1,"featured_media":0,"parent":0,"menu_order":0,"comment_status":"closed","ping_status":"closed","template":"","meta":{"footnotes":""},"class_list":["post-1009","page","type-page","status-publish","hentry"],"_links":{"self":[{"href":"https:\/\/www.tintinnabule.fr\/wordpress\/index.php?rest_route=\/wp\/v2\/pages\/1009","targetHints":{"allow":["GET"]}}],"collection":[{"href":"https:\/\/www.tintinnabule.fr\/wordpress\/index.php?rest_route=\/wp\/v2\/pages"}],"about":[{"href":"https:\/\/www.tintinnabule.fr\/wordpress\/index.php?rest_route=\/wp\/v2\/types\/page"}],"author":[{"embeddable":true,"href":"https:\/\/www.tintinnabule.fr\/wordpress\/index.php?rest_route=\/wp\/v2\/users\/1"}],"replies":[{"embeddable":true,"href":"https:\/\/www.tintinnabule.fr\/wordpress\/index.php?rest_route=%2Fwp%2Fv2%2Fcomments&post=1009"}],"version-history":[{"count":3,"href":"https:\/\/www.tintinnabule.fr\/wordpress\/index.php?rest_route=\/wp\/v2\/pages\/1009\/revisions"}],"predecessor-version":[{"id":1067,"href":"https:\/\/www.tintinnabule.fr\/wordpress\/index.php?rest_route=\/wp\/v2\/pages\/1009\/revisions\/1067"}],"wp:attachment":[{"href":"https:\/\/www.tintinnabule.fr\/wordpress\/index.php?rest_route=%2Fwp%2Fv2%2Fmedia&parent=1009"}],"curies":[{"name":"wp","href":"https:\/\/api.w.org\/{rel}","templated":true}]}}