{"id":367,"date":"2014-02-05T17:22:52","date_gmt":"2014-02-05T16:22:52","guid":{"rendered":"http:\/\/www.tintinnabule.fr\/wordpress\/?page_id=367"},"modified":"2015-02-09T20:53:25","modified_gmt":"2015-02-09T19:53:25","slug":"edito","status":"publish","type":"page","link":"https:\/\/www.tintinnabule.fr\/wordpress\/?page_id=367","title":{"rendered":"\u00c9dito 2014"},"content":{"rendered":"<div class=\"twoclick_social_bookmarks_post_367 social_share_privacy clearfix 1.6.4 locale-fr_FR sprite-\"><\/div><div class=\"twoclick-js\"><script type=\"text\/javascript\">\/* <![CDATA[ *\/\njQuery(document).ready(function($){if($('.twoclick_social_bookmarks_post_367')){$('.twoclick_social_bookmarks_post_367').socialSharePrivacy({\"txt_help\":\"Wenn Sie diese Felder durch einen Klick aktivieren, werden Informationen an Facebook, Twitter, Flattr, Xing, t3n, LinkedIn, Pinterest oder Google eventuell ins Ausland \\u00fcbertragen und unter Umst\\u00e4nden auch dort gespeichert. N\\u00e4heres erfahren Sie durch einen Klick auf das <em>i<\\\/em>.\",\"settings_perma\":\"Dauerhaft aktivieren und Daten\\u00fcber-tragung zustimmen:\",\"info_link\":\"http:\\\/\\\/www.heise.de\\\/ct\\\/artikel\\\/2-Klicks-fuer-mehr-Datenschutz-1333879.html\",\"uri\":\"https:\\\/\\\/www.tintinnabule.fr\\\/wordpress\\\/?page_id=367\",\"post_id\":367,\"post_title_referrer_track\":\"%C3%89dito+2014\",\"display_infobox\":\"on\"});}});\n\/* ]]> *\/<\/script><\/div><p>Dix ans d\u00e9j\u00e0, le Festival m&#8217;a demand\u00e9 d&#8217;\u00eatre le parrain de cet \u00e9v\u00e8nement; chaque ann\u00e9e cet \u00e9v\u00e9nement a progress\u00e9 et pris de plus en plus d&#8217;importance. Cela est du pour la plus grande part aux animateurs \u00a0et \u00e0 la programmation. Mais une situation r\u00e9sultant de la mondialisation, la mont\u00e9e en puissance de l&#8217;usage de la langue anglaise donne \u00e0 ce festival s&#8217;adressant aux jeunes enfants, une importance particuli\u00e8re car cet \u00e9v\u00e8nement musical devient un bastion de la d\u00e9fense de la langue fran\u00e7aise. En effet les auteurs compositeurs invit\u00e9s \u00e0 Tintinnabule sont tous des ardents d\u00e9fenseurs de la langue fran\u00e7aise et permettent aux enfants, par leur travail et par leur talent, d&#8217;apprendre \u00e0 go\u00fbter toutes les richesses de notre langue.<br \/>\nIl faut \u00a0bien cela pour compenser l&#8217;attitude de certains m\u00e9dias qui auraient tendance \u00e0 ne pas tenir compte des quotas et aller dans le sens du go\u00fbt de nombreux adolescents : \u00e9couter des groupes musicaux fran\u00e7ais \u00a0qui \u00e9crivent et chantent en anglais. Comment dans ces conditions l&#8217;enfant pourrait parler un fran\u00e7ais correct. Heureusement Tintinnabule et la Chanson pour l&#8217;Enfance sont l\u00e0 pour montrer le bon chemin. Gr\u00e2ce au Festival de nombreux enfants \u00a0vont dans une multitude de salles , entendre des textes originaux et intelligents, sur \u00a0des musiques qui accrochent l&#8217;oreille \u00a0et sans effort particulier, les m\u00e9moires enfantines enregistrent des mots, des tournures de phrase, des images po\u00e9tiques.<br \/>\nAujourd&#8217;hui Tintinnabule ne se suffit plus de concerts mais organise des rencontres \u00a0qui permettent non seulement aux enfants de progresser mais aussi aux parents de mieux comprendre la port\u00e9e du travail propos\u00e9. Je pense que les ateliers avec G\u00e9rard Authelain et la participation d&#8217;artistes confirm\u00e9s comme Sophie Forte et Steve Waring vont ouvrir les esprits et les oreilles de bon nombre d&#8217;enfants et de parents int\u00e9ress\u00e9s. L&#8217;intervention de Philippe Grimbert va donner une valeur ajout\u00e9e \u00e0 la chanson pour enfants car il \u00a0va mettre en valeur tout ce qu&#8217;elle peut apporter \u00e0 l&#8217;ouverture de l&#8217;esprit de l&#8217;enfant.<br \/>\nUne fois de plus il me faut f\u00e9liciter le Festival Tintinnabule et ses animateurs pour les diff\u00e9rentes collaborations qu&#8217;ils ont mis en place et qui ont permis de faire progresser ce moment culturel dans des proportions \u00e9tonnantes.<br \/>\nBravo \u00e0 tous ces passionn\u00e9s, amoureux de notre langue.<br \/>\nBravo et longue vie \u00e0 Tintinnabule.<\/p>\n<p style=\"text-align: right;\">Jean Michel Boris<\/p>\n<p style=\"text-align: center;\"><a href=\"http:\/\/www.tintinnabule.fr\/wordpress\/wp-content\/uploads\/2014\/02\/tintinnabule-2014.jpg\"><img loading=\"lazy\" decoding=\"async\" class=\"size-medium wp-image-477\" src=\"http:\/\/www.tintinnabule.fr\/wordpress\/wp-content\/uploads\/2014\/02\/tintinnabule-2014-212x300.jpg\" alt=\"tintinnabule-2014\" width=\"212\" height=\"300\" srcset=\"https:\/\/www.tintinnabule.fr\/wordpress\/wp-content\/uploads\/2014\/02\/tintinnabule-2014-212x300.jpg 212w, https:\/\/www.tintinnabule.fr\/wordpress\/wp-content\/uploads\/2014\/02\/tintinnabule-2014-176x250.jpg 176w, https:\/\/www.tintinnabule.fr\/wordpress\/wp-content\/uploads\/2014\/02\/tintinnabule-2014.jpg 566w\" sizes=\"auto, (max-width: 212px) 100vw, 212px\" \/><\/a><\/p>\n","protected":false},"excerpt":{"rendered":"<p>Dix ans d\u00e9j\u00e0, le Festival m&#8217;a demand\u00e9 d&#8217;\u00eatre le parrain de cet \u00e9v\u00e8nement; chaque ann\u00e9e cet \u00e9v\u00e9nement a progress\u00e9 et pris de plus en plus d&#8217;importance. Cela est du pour la plus grande part aux animateurs \u00a0et \u00e0 la programmation. Mais une situation r\u00e9sultant de la mondialisation, la mont\u00e9e en puissance de l&#8217;usage de la [&hellip;]<\/p>\n","protected":false},"author":1,"featured_media":360,"parent":0,"menu_order":0,"comment_status":"open","ping_status":"open","template":"","meta":{"footnotes":""},"class_list":["post-367","page","type-page","status-publish","has-post-thumbnail","hentry"],"_links":{"self":[{"href":"https:\/\/www.tintinnabule.fr\/wordpress\/index.php?rest_route=\/wp\/v2\/pages\/367","targetHints":{"allow":["GET"]}}],"collection":[{"href":"https:\/\/www.tintinnabule.fr\/wordpress\/index.php?rest_route=\/wp\/v2\/pages"}],"about":[{"href":"https:\/\/www.tintinnabule.fr\/wordpress\/index.php?rest_route=\/wp\/v2\/types\/page"}],"author":[{"embeddable":true,"href":"https:\/\/www.tintinnabule.fr\/wordpress\/index.php?rest_route=\/wp\/v2\/users\/1"}],"replies":[{"embeddable":true,"href":"https:\/\/www.tintinnabule.fr\/wordpress\/index.php?rest_route=%2Fwp%2Fv2%2Fcomments&post=367"}],"version-history":[{"count":6,"href":"https:\/\/www.tintinnabule.fr\/wordpress\/index.php?rest_route=\/wp\/v2\/pages\/367\/revisions"}],"predecessor-version":[{"id":484,"href":"https:\/\/www.tintinnabule.fr\/wordpress\/index.php?rest_route=\/wp\/v2\/pages\/367\/revisions\/484"}],"wp:featuredmedia":[{"embeddable":true,"href":"https:\/\/www.tintinnabule.fr\/wordpress\/index.php?rest_route=\/wp\/v2\/media\/360"}],"wp:attachment":[{"href":"https:\/\/www.tintinnabule.fr\/wordpress\/index.php?rest_route=%2Fwp%2Fv2%2Fmedia&parent=367"}],"curies":[{"name":"wp","href":"https:\/\/api.w.org\/{rel}","templated":true}]}}