{"id":485,"date":"2015-02-09T21:14:34","date_gmt":"2015-02-09T20:14:34","guid":{"rendered":"http:\/\/www.tintinnabule.fr\/wordpress\/?page_id=485"},"modified":"2015-02-09T21:14:34","modified_gmt":"2015-02-09T20:14:34","slug":"edito-2015","status":"publish","type":"page","link":"https:\/\/www.tintinnabule.fr\/wordpress\/?page_id=485","title":{"rendered":"\u00c9dito 2015"},"content":{"rendered":"<div class=\"twoclick_social_bookmarks_post_485 social_share_privacy clearfix 1.6.4 locale-fr_FR sprite-\"><\/div><div class=\"twoclick-js\"><script type=\"text\/javascript\">\/* <![CDATA[ *\/\njQuery(document).ready(function($){if($('.twoclick_social_bookmarks_post_485')){$('.twoclick_social_bookmarks_post_485').socialSharePrivacy({\"txt_help\":\"Wenn Sie diese Felder durch einen Klick aktivieren, werden Informationen an Facebook, Twitter, Flattr, Xing, t3n, LinkedIn, Pinterest oder Google eventuell ins Ausland \\u00fcbertragen und unter Umst\\u00e4nden auch dort gespeichert. N\\u00e4heres erfahren Sie durch einen Klick auf das <em>i<\\\/em>.\",\"settings_perma\":\"Dauerhaft aktivieren und Daten\\u00fcber-tragung zustimmen:\",\"info_link\":\"http:\\\/\\\/www.heise.de\\\/ct\\\/artikel\\\/2-Klicks-fuer-mehr-Datenschutz-1333879.html\",\"uri\":\"https:\\\/\\\/www.tintinnabule.fr\\\/wordpress\\\/?page_id=485\",\"post_id\":485,\"post_title_referrer_track\":\"%C3%89dito+2015\",\"display_infobox\":\"on\"});}});\n\/* ]]> *\/<\/script><\/div><p>Apprendre, d\u00e9velopper sa curiosit\u00e9, son esprit critique, l\u2019Enfant n\u2019a de cesse que de s\u2019\u00e9veiller et \u2026 s\u2019\u00e9lever.<br \/>\nL\u2019adulte, pr\u00e8s de lui, se doit de l\u2019accompagner, \u00e0 travers sa qu\u00eate pour l\u2019aider \u00e0 former son intelligence, dans le respect de valeurs essentielles. C\u2019est pourquoi, \u00e0 travers un voyage au c\u0153ur de la cr\u00e9ation artistique qu\u2019est la Chanson, le Festival va tenter une nouvelle fois, de porter au plus pr\u00e8s du public le regard des auteurs compositeurs interpr\u00e8tes, sur nos vies mais peut-\u00eatre aussi, sur notre soci\u00e9t\u00e9 et notre avenir.<\/p>\n<p>Nous tenterons d\u2019explorer toutes les formes musicales, des plus actuelles aux plus classiques, \u00e0 travers des spectacles qui nous aident \u00e0 grandir, ou \u00e0 retrouver une part d\u2019innocence parfois oubli\u00e9e, encore et toujours, dans une recherche d\u2019excellence.<\/p>\n<p>La pr\u00e9occupation qui anime le Festival reste de porter les mots et les sons si charg\u00e9s de sens au plus pr\u00e8s des petites mais aussi des plus grandes oreilles, pour les partager, les \u00e9changer, se les approprier, et contribuer peut-\u00eatre \u00e0 la naissance de jeunes spectateurs et \u00e0 leur app\u00e9tence pour toutes les formes de Culture et de Savoir, \u00e0 travers les \u00e9motions et les ressentis suscit\u00e9s,<\/p>\n<p style=\"text-align: right;\">Pour une dynamique artistique, \u00e9ducative et d\u00e9mocratique\u2026<\/p>\n","protected":false},"excerpt":{"rendered":"<p>Apprendre, d\u00e9velopper sa curiosit\u00e9, son esprit critique, l\u2019Enfant n\u2019a de cesse que de s\u2019\u00e9veiller et \u2026 s\u2019\u00e9lever. L\u2019adulte, pr\u00e8s de lui, se doit de l\u2019accompagner, \u00e0 travers sa qu\u00eate pour l\u2019aider \u00e0 former son intelligence, dans le respect de valeurs essentielles. C\u2019est pourquoi, \u00e0 travers un voyage au c\u0153ur de la cr\u00e9ation artistique qu\u2019est la [&hellip;]<\/p>\n","protected":false},"author":1,"featured_media":0,"parent":0,"menu_order":0,"comment_status":"open","ping_status":"open","template":"","meta":{"footnotes":""},"class_list":["post-485","page","type-page","status-publish","hentry"],"_links":{"self":[{"href":"https:\/\/www.tintinnabule.fr\/wordpress\/index.php?rest_route=\/wp\/v2\/pages\/485","targetHints":{"allow":["GET"]}}],"collection":[{"href":"https:\/\/www.tintinnabule.fr\/wordpress\/index.php?rest_route=\/wp\/v2\/pages"}],"about":[{"href":"https:\/\/www.tintinnabule.fr\/wordpress\/index.php?rest_route=\/wp\/v2\/types\/page"}],"author":[{"embeddable":true,"href":"https:\/\/www.tintinnabule.fr\/wordpress\/index.php?rest_route=\/wp\/v2\/users\/1"}],"replies":[{"embeddable":true,"href":"https:\/\/www.tintinnabule.fr\/wordpress\/index.php?rest_route=%2Fwp%2Fv2%2Fcomments&post=485"}],"version-history":[{"count":1,"href":"https:\/\/www.tintinnabule.fr\/wordpress\/index.php?rest_route=\/wp\/v2\/pages\/485\/revisions"}],"predecessor-version":[{"id":486,"href":"https:\/\/www.tintinnabule.fr\/wordpress\/index.php?rest_route=\/wp\/v2\/pages\/485\/revisions\/486"}],"wp:attachment":[{"href":"https:\/\/www.tintinnabule.fr\/wordpress\/index.php?rest_route=%2Fwp%2Fv2%2Fmedia&parent=485"}],"curies":[{"name":"wp","href":"https:\/\/api.w.org\/{rel}","templated":true}]}}