{"id":487,"date":"2015-02-09T21:35:13","date_gmt":"2015-02-09T20:35:13","guid":{"rendered":"http:\/\/www.tintinnabule.fr\/wordpress\/?page_id=487"},"modified":"2015-02-10T22:43:10","modified_gmt":"2015-02-10T21:43:10","slug":"programmation-scolaire-2015","status":"publish","type":"page","link":"https:\/\/www.tintinnabule.fr\/wordpress\/?page_id=487","title":{"rendered":"Programmation scolaire 2015"},"content":{"rendered":"<div class=\"twoclick_social_bookmarks_post_487 social_share_privacy clearfix 1.6.4 locale-fr_FR sprite-\"><\/div><div class=\"twoclick-js\"><script type=\"text\/javascript\">\/* <![CDATA[ *\/\njQuery(document).ready(function($){if($('.twoclick_social_bookmarks_post_487')){$('.twoclick_social_bookmarks_post_487').socialSharePrivacy({\"txt_help\":\"Wenn Sie diese Felder durch einen Klick aktivieren, werden Informationen an Facebook, Twitter, Flattr, Xing, t3n, LinkedIn, Pinterest oder Google eventuell ins Ausland \\u00fcbertragen und unter Umst\\u00e4nden auch dort gespeichert. N\\u00e4heres erfahren Sie durch einen Klick auf das <em>i<\\\/em>.\",\"settings_perma\":\"Dauerhaft aktivieren und Daten\\u00fcber-tragung zustimmen:\",\"info_link\":\"http:\\\/\\\/www.heise.de\\\/ct\\\/artikel\\\/2-Klicks-fuer-mehr-Datenschutz-1333879.html\",\"uri\":\"https:\\\/\\\/www.tintinnabule.fr\\\/wordpress\\\/?page_id=487\",\"post_id\":487,\"post_title_referrer_track\":\"Programmation+scolaire+2015\",\"display_infobox\":\"on\"});}});\n\/* ]]> *\/<\/script><\/div><h2 style=\"text-align: center;\">Festival 2015<\/h2>\n<h2 style=\"text-align: center;\">s\u00e9ances scolaires<\/h2>\n<p><b>LUNDI 9 MARS 2015<\/b><\/p>\n<table>\n<tbody>\n<tr>\n<td><a title=\"G\u00e9rard Dalton : R\u00e9cital\" href=\"http:\/\/www.tintinnabule.fr\/wordpress\/?p=537\">R\u00e9cital<\/a><\/td>\n<td><a title=\"G\u00e9rard Dalton : R\u00e9cital\" href=\"http:\/\/www.tintinnabule.fr\/wordpress\/?p=537\">G\u00e9rard Dalton<\/a><\/td>\n<td>Chanson<\/td>\n<td>cycle 1 et 2<\/td>\n<td>77650 Sainte-Colombe<\/td>\n<td>9h45\/14h<\/td>\n<\/tr>\n<\/tbody>\n<\/table>\n<p>&nbsp;<\/p>\n<p><b>MARDI 10 MARS 2015<\/b><\/p>\n<table>\n<tbody>\n<tr>\n<td><a title=\"G\u00e9rard Dalton : R\u00e9cital\" href=\"http:\/\/www.tintinnabule.fr\/wordpress\/?p=537\">R\u00e9cital<\/a><\/td>\n<td><a title=\"G\u00e9rard Dalton : R\u00e9cital\" href=\"http:\/\/www.tintinnabule.fr\/wordpress\/?p=537\">G\u00e9rard Dalton<\/a><\/td>\n<td>Chanson<\/td>\n<td>cycle 1 et 2<\/td>\n<td>Espace Montand &#8211; 77176 Nandy<\/td>\n<td>9h30\/14h<\/td>\n<\/tr>\n<\/tbody>\n<\/table>\n<p>&nbsp;<\/p>\n<p><b>JEUDI 12 MARS 2015<\/b><\/p>\n<table>\n<tbody>\n<tr>\n<td><a title=\"G\u00e9rard Dalton : R\u00e9cital\" href=\"http:\/\/www.tintinnabule.fr\/wordpress\/?p=537\">R\u00e9cital<\/a><\/td>\n<td><a title=\"G\u00e9rard Dalton : R\u00e9cital\" href=\"http:\/\/www.tintinnabule.fr\/wordpress\/?p=537\">G\u00e9rard Dalton<\/a><\/td>\n<td>Chanson<\/td>\n<td>cycle 1 et 2<\/td>\n<td>77820 Le Ch\u00e2telet en Brie<\/td>\n<td>9h45\/14h<\/td>\n<\/tr>\n<\/tbody>\n<\/table>\n<p>&nbsp;<\/p>\n<p><b>VENDREDI 13 MARS 2015<\/b><\/p>\n<table>\n<tbody>\n<tr>\n<td><a title=\"G\u00e9rard Dalton : R\u00e9cital\" href=\"http:\/\/www.tintinnabule.fr\/wordpress\/?p=537\">R\u00e9cital<\/a><\/td>\n<td><a title=\"G\u00e9rard Dalton : R\u00e9cital\" href=\"http:\/\/www.tintinnabule.fr\/wordpress\/?p=537\">G\u00e9rard Dalton<\/a><\/td>\n<td>Chanson<\/td>\n<td>cycle 1 et 2<\/td>\n<td>77570 Ch\u00e2teau-Landon<\/td>\n<td>9h45\/14h<\/td>\n<\/tr>\n<\/tbody>\n<\/table>\n<p>&nbsp;<\/p>\n<p><b>MERCREDI 18 MARS 2015<\/b><\/p>\n<table>\n<tbody>\n<tr>\n<td><a title=\"Gilles Pauget : Pourvu qu\u2019il pleuve\" href=\"http:\/\/www.tintinnabule.fr\/wordpress\/?p=501\">Pourvu qu&#8217;il pleuve<\/a><\/td>\n<td><a title=\"Gilles Pauget : Pourvu qu\u2019il pleuve\" href=\"http:\/\/www.tintinnabule.fr\/wordpress\/?p=501\">Gilles Pauget<\/a><\/td>\n<td>Chanson<\/td>\n<td>\u00e0 partir de 6 ans &#8211; 60 min<\/td>\n<td>Les 18 Marches &#8211; 77550 Moissy-Cramayel<\/td>\n<td>9h30<\/td>\n<\/tr>\n<\/tbody>\n<\/table>\n<p>&nbsp;<\/p>\n<p><b>JEUDI 19 MARS 2015<\/b><\/p>\n<table>\n<tbody>\n<tr>\n<td><a title=\"Gilles Pauget : Pourvu qu\u2019il pleuve\" href=\"http:\/\/www.tintinnabule.fr\/wordpress\/?p=501\">Pourvu qu&#8217;il pleuve<\/a><\/td>\n<td><a title=\"Gilles Pauget : R\u00e9cital\" href=\"http:\/\/www.tintinnabule.fr\/wordpress\/?p=383\">Gilles Pauget<\/a><\/td>\n<td>Chanson<\/td>\n<td>\u00e0 partir de 6 ans &#8211; 60 min<\/td>\n<td>Les 18 Marches &#8211; 77550 Moissy-Cramayel<\/td>\n<td>9h30<\/td>\n<\/tr>\n<tr>\n<td><a title=\"Mami Chan : le village des petites boucles\" href=\"http:\/\/www.tintinnabule.fr\/wordpress\/?p=543\">Le village des petites boucles<\/a><\/td>\n<td><a title=\"Mami Chan : le village des petites boucles\" href=\"http:\/\/www.tintinnabule.fr\/wordpress\/?p=543\">Mami Chan<\/a><\/td>\n<td>Chanson<\/td>\n<td>\u00e0 partir de 4 ans &#8211; 40 min<\/td>\n<td>Le Mas &#8211; 77350 Le M\u00e9e sur Seine<\/td>\n<td>10h\/14h<\/td>\n<\/tr>\n<\/tbody>\n<\/table>\n<p>&nbsp;<\/p>\n<p><b>VENDREDI 20 MARS 2015<\/b><\/p>\n<table>\n<tbody>\n<tr>\n<td><a title=\"Mami Chan : le village des petites boucles\" href=\"http:\/\/www.tintinnabule.fr\/wordpress\/?p=543\">Le village des petites boucles<\/a><\/td>\n<td><a title=\"Mami Chan : le village des petites boucles\" href=\"http:\/\/www.tintinnabule.fr\/wordpress\/?p=543\">Mami Chan<\/a><\/td>\n<td>Chanson<\/td>\n<td>\u00e0 partir de 4 ans &#8211; 40 min<\/td>\n<td>Le Mas &#8211; 77350 Le M\u00e9e sur Seine<\/td>\n<td>10h<\/td>\n<\/tr>\n<\/tbody>\n<\/table>\n<p>&nbsp;<\/p>\n<p><b>MARDI 24 MARS 2015<\/b><\/p>\n<table>\n<tbody>\n<tr>\n<td><a title=\"Tartine Reverdi : C\u2019est tr\u00e8s bien\u00a0!\" href=\"http:\/\/www.tintinnabule.fr\/wordpress\/?p=546\">C&#8217;est tr\u00e8s bien<\/a><\/td>\n<td><a title=\"Tartine Reverdi : C\u2019est tr\u00e8s bien\u00a0!\" href=\"http:\/\/www.tintinnabule.fr\/wordpress\/?p=546\">Tartine Reverdy<\/a><\/td>\n<td>Chanson<\/td>\n<td>cycle 1<\/td>\n<td>Espace Pr\u00e9vert &#8211; 77176 Savigny le temple<\/td>\n<td>9h45\/14h<\/td>\n<\/tr>\n<\/tbody>\n<\/table>\n<p>&nbsp;<\/p>\n<p><b>LUNDI 30 MARS 2015<\/b><\/p>\n<table>\n<tbody>\n<tr>\n<td><a title=\"Ici Baba : Ma mie for\u00eat\" href=\"http:\/\/www.tintinnabule.fr\/wordpress\/?p=517\">Ma Mie For\u00eat<\/a><\/td>\n<td><a title=\"Ici Baba : Ma mie for\u00eat\" href=\"http:\/\/www.tintinnabule.fr\/wordpress\/?p=517\">Ici Baba<\/a><\/td>\n<td>Chanson<\/td>\n<td>\u00e0 partir de 4 ans &#8211; 50 min<\/td>\n<td>Le jardin com\u00e9dien &#8211; 77127 Lieusaint<\/td>\n<td>10h\/14h30<\/td>\n<\/tr>\n<\/tbody>\n<\/table>\n<p>&nbsp;<\/p>\n<p><b>MARDI 31 MARS 2015<\/b><\/p>\n<table>\n<tbody>\n<tr>\n<td><a title=\"David Sire : Niet Popov\" href=\"http:\/\/www.tintinnabule.fr\/wordpress\/?p=553\">Niet Popov<\/a><\/td>\n<td><a title=\"David Sire : Niet Popov\" href=\"http:\/\/www.tintinnabule.fr\/wordpress\/?p=553\">David Sire<\/a><\/td>\n<td>Chanson<\/td>\n<td>\u00e0 partir de 6 ans<\/td>\n<td>Le Mas &#8211; 77350 Le M\u00e9e sur Seine<\/td>\n<td>10h\/14h<\/td>\n<\/tr>\n<tr>\n<td><a title=\"Ici Baba : Ma mie for\u00eat\" href=\"http:\/\/www.tintinnabule.fr\/wordpress\/?p=517\">Ma Mie For\u00eat<\/a><\/td>\n<td><a title=\"Ici Baba : Ma mie for\u00eat\" href=\"http:\/\/www.tintinnabule.fr\/wordpress\/?p=517\">Ici Baba<\/a><\/td>\n<td>Chanson<\/td>\n<td>\u00e0 partir de 4 ans &#8211; 50 min<\/td>\n<td>Le jardin com\u00e9dien &#8211; 77127 Lieusaint<\/td>\n<td>10h\/14h30<\/td>\n<\/tr>\n<\/tbody>\n<\/table>\n<p>&nbsp;<\/p>\n<p><b>MERCREDI 1er AVRIL 2015<\/b><\/p>\n<table>\n<tbody>\n<tr>\n<td><a title=\"Ici Baba : Ma mie for\u00eat\" href=\"http:\/\/www.tintinnabule.fr\/wordpress\/?p=517\">Ma Mie For\u00eat<\/a><\/td>\n<td><a title=\"Ici Baba : Ma mie for\u00eat\" href=\"http:\/\/www.tintinnabule.fr\/wordpress\/?p=517\">Ici Baba<\/a><\/td>\n<td>Chanson<\/td>\n<td>\u00e0 partir de 4 ans &#8211; 50 min<\/td>\n<td>Le jardin com\u00e9dien &#8211; 77127 Lieusaint<\/td>\n<td>10h<\/td>\n<\/tr>\n<\/tbody>\n<\/table>\n<p>&nbsp;<\/p>\n","protected":false},"excerpt":{"rendered":"<p>Festival 2015 s\u00e9ances scolaires LUNDI 9 MARS 2015 R\u00e9cital G\u00e9rard Dalton Chanson cycle 1 et 2 77650 Sainte-Colombe 9h45\/14h &nbsp; MARDI 10 MARS 2015 R\u00e9cital G\u00e9rard Dalton Chanson cycle 1 et 2 Espace Montand &#8211; 77176 Nandy 9h30\/14h &nbsp; JEUDI 12 MARS 2015 R\u00e9cital G\u00e9rard Dalton Chanson cycle 1 et 2 77820 Le Ch\u00e2telet en [&hellip;]<\/p>\n","protected":false},"author":1,"featured_media":0,"parent":0,"menu_order":0,"comment_status":"open","ping_status":"open","template":"","meta":{"footnotes":""},"class_list":["post-487","page","type-page","status-publish","hentry"],"_links":{"self":[{"href":"https:\/\/www.tintinnabule.fr\/wordpress\/index.php?rest_route=\/wp\/v2\/pages\/487","targetHints":{"allow":["GET"]}}],"collection":[{"href":"https:\/\/www.tintinnabule.fr\/wordpress\/index.php?rest_route=\/wp\/v2\/pages"}],"about":[{"href":"https:\/\/www.tintinnabule.fr\/wordpress\/index.php?rest_route=\/wp\/v2\/types\/page"}],"author":[{"embeddable":true,"href":"https:\/\/www.tintinnabule.fr\/wordpress\/index.php?rest_route=\/wp\/v2\/users\/1"}],"replies":[{"embeddable":true,"href":"https:\/\/www.tintinnabule.fr\/wordpress\/index.php?rest_route=%2Fwp%2Fv2%2Fcomments&post=487"}],"version-history":[{"count":8,"href":"https:\/\/www.tintinnabule.fr\/wordpress\/index.php?rest_route=\/wp\/v2\/pages\/487\/revisions"}],"predecessor-version":[{"id":556,"href":"https:\/\/www.tintinnabule.fr\/wordpress\/index.php?rest_route=\/wp\/v2\/pages\/487\/revisions\/556"}],"wp:attachment":[{"href":"https:\/\/www.tintinnabule.fr\/wordpress\/index.php?rest_route=%2Fwp%2Fv2%2Fmedia&parent=487"}],"curies":[{"name":"wp","href":"https:\/\/api.w.org\/{rel}","templated":true}]}}