{"id":489,"date":"2015-02-09T21:45:52","date_gmt":"2015-02-09T20:45:52","guid":{"rendered":"http:\/\/www.tintinnabule.fr\/wordpress\/?page_id=489"},"modified":"2015-03-21T20:43:25","modified_gmt":"2015-03-21T19:43:25","slug":"programmation-publique-2015","status":"publish","type":"page","link":"https:\/\/www.tintinnabule.fr\/wordpress\/?page_id=489","title":{"rendered":"Programmation publique 2015"},"content":{"rendered":"<div class=\"twoclick_social_bookmarks_post_489 social_share_privacy clearfix 1.6.4 locale-fr_FR sprite-\"><\/div><div class=\"twoclick-js\"><script type=\"text\/javascript\">\/* <![CDATA[ *\/\njQuery(document).ready(function($){if($('.twoclick_social_bookmarks_post_489')){$('.twoclick_social_bookmarks_post_489').socialSharePrivacy({\"txt_help\":\"Wenn Sie diese Felder durch einen Klick aktivieren, werden Informationen an Facebook, Twitter, Flattr, Xing, t3n, LinkedIn, Pinterest oder Google eventuell ins Ausland \\u00fcbertragen und unter Umst\\u00e4nden auch dort gespeichert. N\\u00e4heres erfahren Sie durch einen Klick auf das <em>i<\\\/em>.\",\"settings_perma\":\"Dauerhaft aktivieren und Daten\\u00fcber-tragung zustimmen:\",\"info_link\":\"http:\\\/\\\/www.heise.de\\\/ct\\\/artikel\\\/2-Klicks-fuer-mehr-Datenschutz-1333879.html\",\"uri\":\"https:\\\/\\\/www.tintinnabule.fr\\\/wordpress\\\/?page_id=489\",\"post_id\":489,\"post_title_referrer_track\":\"Programmation+publique+2015\",\"display_infobox\":\"on\"});}});\n\/* ]]> *\/<\/script><\/div><h2 style=\"text-align: center;\">Festival 2015<\/h2>\n<h2 style=\"text-align: center;\">s\u00e9ances publiques<\/h2>\n<p><b>MERCREDI 18 MARS 2015<\/b><\/p>\n<table>\n<tbody>\n<tr>\n<td><a title=\"Gilles Pauget : Pourvu qu\u2019il pleuve\" href=\"http:\/\/www.tintinnabule.fr\/wordpress\/?p=501\">Pourvu qu&#8217;il pleuve<\/a><\/td>\n<td><a title=\"Gilles Pauget : Pourvu qu\u2019il pleuve\" href=\"http:\/\/www.tintinnabule.fr\/wordpress\/?p=501\">Gilles Pauget<\/a><\/td>\n<td>Chanson<\/td>\n<td>\u00e0 partir de 6 ans &#8211; 60 min<\/td>\n<td>Les 18 Marches &#8211; 77550 Moissy-Cramayel<\/td>\n<td>14h30<\/td>\n<\/tr>\n<\/tbody>\n<\/table>\n<p>&nbsp;<\/p>\n<p><b>SAMEDI 21 MARS 2015<\/b><\/p>\n<table>\n<tbody>\n<tr>\n<td><a title=\"Robinson : cr\u00e9ation\" href=\"http:\/\/www.tintinnabule.fr\/wordpress\/?p=509\">Cr\u00e9ation<\/a><\/td>\n<td><a title=\"Robinson : cr\u00e9ation\" href=\"http:\/\/www.tintinnabule.fr\/wordpress\/?p=509\">Robinson<\/a><\/td>\n<td>Chanson<\/td>\n<td>tout public<\/td>\n<td>Centre de r\u00e9adaptation &#8211; 77170 Coubert<\/td>\n<td>16h<\/td>\n<\/tr>\n<\/tbody>\n<\/table>\n<p>&nbsp;<\/p>\n<p><b><b>DIMANCHE<\/b> 29 MARS 2015<\/b><\/p>\n<table>\n<tbody>\n<tr>\n<td><a title=\"Tony Melvil et Usmar : Quand je serai petit\" href=\"http:\/\/www.tintinnabule.fr\/wordpress\/?p=512\">Quand je serai petit<\/a><\/td>\n<td><a title=\"Tony Melvil et Usmar : Quand je serai petit\" href=\"http:\/\/www.tintinnabule.fr\/wordpress\/?p=512\">Tony Melvil \/ Usmar<\/a><\/td>\n<td>Chanson<\/td>\n<td>\u00e0 partir de 7 ans<\/td>\n<td>Espace Montand &#8211; 77176 Nandy<\/td>\n<td>16h<\/td>\n<\/tr>\n<\/tbody>\n<\/table>\n<p>&nbsp;<\/p>\n<p><b>MERCREDI 1er AVRIL 2015<\/b><\/p>\n<table>\n<tbody>\n<tr>\n<td><a title=\"Ici Baba : Ma mie for\u00eat\" href=\"http:\/\/www.tintinnabule.fr\/wordpress\/?p=517\">Ma mie For\u00eat<\/a><\/td>\n<td><a title=\"Ici Baba : Ma mie for\u00eat\" href=\"http:\/\/www.tintinnabule.fr\/wordpress\/?p=517\">Ici Baba<\/a><\/td>\n<td>Chanson<\/td>\n<td>\u00e0 partir de 4 ans &#8211; 50 min<\/td>\n<td>Le jardin com\u00e9dien &#8211; 77127 Lieusaint<\/td>\n<td>15h30<\/td>\n<\/tr>\n<\/tbody>\n<\/table>\n<p>&nbsp;<\/p>\n<p><b>MERCREDI 8 AVRIL 2015<\/b><\/p>\n<table>\n<tbody>\n<tr>\n<td><a title=\"Genevi\u00e8ve Laloy : Entre terre et ciel\" href=\"http:\/\/www.tintinnabule.fr\/wordpress\/?p=524\">Entre terre et ciel<\/a><\/td>\n<td><a title=\"Genevi\u00e8ve Laloy : Entre terre et ciel\" href=\"http:\/\/www.tintinnabule.fr\/wordpress\/?p=524\">Genevi\u00e8ve Laloy<\/a><\/td>\n<td>Chanson<\/td>\n<td>\u00e0 partir de 3 ans &#8211; 55 min<\/td>\n<td>Salle Andr\u00e9 Malraux &#8211; 77380 Combs la ville<\/td>\n<td>14h15<\/td>\n<\/tr>\n<\/tbody>\n<\/table>\n<p>&nbsp;<\/p>\n<p><b>VENDREDI 10 AVRIL 2015<\/b><\/p>\n<table>\n<tbody>\n<tr>\n<td><a title=\"Genevi\u00e8ve Laloy : Bleue\" href=\"http:\/\/www.tintinnabule.fr\/wordpress\/?p=528\">Bleue<\/a><\/td>\n<td><a title=\"Genevi\u00e8ve Laloy : Bleue\" href=\"http:\/\/www.tintinnabule.fr\/wordpress\/?p=528\">Genevi\u00e8ve Laloy<\/a><\/td>\n<td>Chanson<\/td>\n<td>\u00e0 partir de 5 ans &#8211; 60 min<\/td>\n<td>Salle Andr\u00e9 Malraux &#8211; 77380 Combs la ville<\/td>\n<td>20h30<\/td>\n<\/tr>\n<\/tbody>\n<\/table>\n<p>&nbsp;<\/p>\n<p><b>DIMANCHE 12 AVRIL 2015<\/b><\/p>\n<table>\n<tbody>\n<tr>\n<td><a title=\"Andr\u00e9 Borb\u00e9 : Les tympans pimpants\" href=\"http:\/\/www.tintinnabule.fr\/wordpress\/?p=533\">Les tympans pimpants<\/a><\/td>\n<td><a title=\"Andr\u00e9 Borb\u00e9 : Les tympans pimpants\" href=\"http:\/\/www.tintinnabule.fr\/wordpress\/?p=533\">Andr\u00e9 Borb\u00e9<\/a><\/td>\n<td>Chanson<\/td>\n<td>4 &#8211; 6 ans<\/td>\n<td>Ferme des arts &#8211; 77240 Vert-Saint-Denis<\/td>\n<td>16h<\/td>\n<\/tr>\n<\/tbody>\n<\/table>\n<p>&nbsp;<\/p>\n","protected":false},"excerpt":{"rendered":"<p>Festival 2015 s\u00e9ances publiques MERCREDI 18 MARS 2015 Pourvu qu&#8217;il pleuve Gilles Pauget Chanson \u00e0 partir de 6 ans &#8211; 60 min Les 18 Marches &#8211; 77550 Moissy-Cramayel 14h30 &nbsp; SAMEDI 21 MARS 2015 Cr\u00e9ation Robinson Chanson tout public Centre de r\u00e9adaptation &#8211; 77170 Coubert 16h &nbsp; DIMANCHE 29 MARS 2015 Quand je serai petit [&hellip;]<\/p>\n","protected":false},"author":1,"featured_media":0,"parent":0,"menu_order":0,"comment_status":"open","ping_status":"open","template":"","meta":{"footnotes":""},"class_list":["post-489","page","type-page","status-publish","hentry"],"_links":{"self":[{"href":"https:\/\/www.tintinnabule.fr\/wordpress\/index.php?rest_route=\/wp\/v2\/pages\/489","targetHints":{"allow":["GET"]}}],"collection":[{"href":"https:\/\/www.tintinnabule.fr\/wordpress\/index.php?rest_route=\/wp\/v2\/pages"}],"about":[{"href":"https:\/\/www.tintinnabule.fr\/wordpress\/index.php?rest_route=\/wp\/v2\/types\/page"}],"author":[{"embeddable":true,"href":"https:\/\/www.tintinnabule.fr\/wordpress\/index.php?rest_route=\/wp\/v2\/users\/1"}],"replies":[{"embeddable":true,"href":"https:\/\/www.tintinnabule.fr\/wordpress\/index.php?rest_route=%2Fwp%2Fv2%2Fcomments&post=489"}],"version-history":[{"count":12,"href":"https:\/\/www.tintinnabule.fr\/wordpress\/index.php?rest_route=\/wp\/v2\/pages\/489\/revisions"}],"predecessor-version":[{"id":618,"href":"https:\/\/www.tintinnabule.fr\/wordpress\/index.php?rest_route=\/wp\/v2\/pages\/489\/revisions\/618"}],"wp:attachment":[{"href":"https:\/\/www.tintinnabule.fr\/wordpress\/index.php?rest_route=%2Fwp%2Fv2%2Fmedia&parent=489"}],"curies":[{"name":"wp","href":"https:\/\/api.w.org\/{rel}","templated":true}]}}