{"id":655,"date":"2016-02-06T23:15:05","date_gmt":"2016-02-06T22:15:05","guid":{"rendered":"http:\/\/www.tintinnabule.fr\/wordpress\/?page_id=655"},"modified":"2016-03-02T20:03:52","modified_gmt":"2016-03-02T19:03:52","slug":"programmation-publique-2016","status":"publish","type":"page","link":"https:\/\/www.tintinnabule.fr\/wordpress\/?page_id=655","title":{"rendered":"Programmation publique 2016"},"content":{"rendered":"<div class=\"twoclick_social_bookmarks_post_655 social_share_privacy clearfix 1.6.4 locale-fr_FR sprite-\"><\/div><div class=\"twoclick-js\"><script type=\"text\/javascript\">\/* <![CDATA[ *\/\njQuery(document).ready(function($){if($('.twoclick_social_bookmarks_post_655')){$('.twoclick_social_bookmarks_post_655').socialSharePrivacy({\"txt_help\":\"Wenn Sie diese Felder durch einen Klick aktivieren, werden Informationen an Facebook, Twitter, Flattr, Xing, t3n, LinkedIn, Pinterest oder Google eventuell ins Ausland \\u00fcbertragen und unter Umst\\u00e4nden auch dort gespeichert. N\\u00e4heres erfahren Sie durch einen Klick auf das <em>i<\\\/em>.\",\"settings_perma\":\"Dauerhaft aktivieren und Daten\\u00fcber-tragung zustimmen:\",\"info_link\":\"http:\\\/\\\/www.heise.de\\\/ct\\\/artikel\\\/2-Klicks-fuer-mehr-Datenschutz-1333879.html\",\"uri\":\"https:\\\/\\\/www.tintinnabule.fr\\\/wordpress\\\/?page_id=655\",\"post_id\":655,\"post_title_referrer_track\":\"Programmation+publique+2016\",\"display_infobox\":\"on\"});}});\n\/* ]]> *\/<\/script><\/div><h2 style=\"text-align: center;\">Festival 2016<\/h2>\n<h2 style=\"text-align: center;\">s\u00e9ances publiques<\/h2>\n<p>&nbsp;<\/p>\n<p><strong>MERCREDI 9 MARS 2016<\/strong><\/p>\n<table>\n<tbody>\n<tr>\n<td><a href=\"http:\/\/www.tintinnabule.fr\/wordpress\/?p=694\">Chante mi chante moi<\/a><\/td>\n<td><a href=\"http:\/\/www.tintinnabule.fr\/wordpress\/?p=694\">Cie Go\u00fbtes-y-donc<\/a><\/td>\n<td>Chanson<\/td>\n<td>Les 18 Marches \u2013 77550 Moissy-Cramayel<\/td>\n<td>14h30 (S\u00e9ance Tout Public)<\/td>\n<\/tr>\n<\/tbody>\n<\/table>\n<p>&nbsp;<\/p>\n<p><strong>SAMEDI 12 MARS 2016<\/strong> (en partenariat avec la DDCS 77) <span style=\"color: #ff0000;\">ANNUL\u00c9<\/span><\/p>\n<table>\n<tbody>\n<tr>\n<td><del><a href=\"http:\/\/www.tintinnabule.fr\/wordpress\/?p=663\">Entre terre et ciel<\/a><\/del><\/td>\n<td><del><a href=\"http:\/\/www.tintinnabule.fr\/wordpress\/?p=663\">Genevi\u00e8ve Laloy<\/a><\/del><\/td>\n<td><del>Chanson<\/del><\/td>\n<td><del>Centre de R\u00e9adaptation \u2013 77170 Coubert<\/del><\/td>\n<td><del>19h00 (S\u00e9ance Tout Public)<\/del><\/td>\n<\/tr>\n<\/tbody>\n<\/table>\n<p>&nbsp;<\/p>\n<p><strong>DIMANCHE 13 MARS 2016<\/strong><\/p>\n<table>\n<tbody>\n<tr>\n<td><a href=\"http:\/\/www.tintinnabule.fr\/wordpress\/?p=668\">La chanson des chatons<\/a><\/td>\n<td><a href=\"http:\/\/www.tintinnabule.fr\/wordpress\/?p=668\">Melaine Favennec<\/a><\/td>\n<td>Chanson<\/td>\n<td>MJC \u2013 77380 Combs-la-Ville<\/td>\n<td>16h (S\u00e9ance Tout Public)<\/td>\n<\/tr>\n<\/tbody>\n<\/table>\n<p>&nbsp;<\/p>\n<p><strong>MERCREDI 16 MARS 2016<\/strong><\/p>\n<table>\n<tbody>\n<tr>\n<td><a href=\"http:\/\/www.tintinnabule.fr\/wordpress\/?p=670\">Pourvu qu\u2019il pleuve<\/a><\/td>\n<td><a href=\"http:\/\/www.tintinnabule.fr\/wordpress\/?p=670\">Gilles Pauget<\/a><\/td>\n<td>Chanson<\/td>\n<td>60mn<\/td>\n<td>\n<p class=\"western\"><span style=\"font-family: Calibri,sans-serif;\"><span style=\"font-size: small;\">Th\u00e9\u00e2tre La Coupole \u2013 77380 Combs-la-Ville<\/span><\/span><\/p>\n<\/td>\n<td>14h15 (S\u00e9ance Tout Public)<\/td>\n<\/tr>\n<\/tbody>\n<\/table>\n<p>&nbsp;<\/p>\n<p><strong>DIMANCHE 20 MARS 2016<\/strong><\/p>\n<table>\n<tbody>\n<tr>\n<td><a href=\"http:\/\/www.tintinnabule.fr\/wordpress\/?p=672\">Concert en duo<\/a><\/td>\n<td><a href=\"http:\/\/www.tintinnabule.fr\/wordpress\/?p=672\">Alain Schneider<\/a><\/td>\n<td>Chanson<\/td>\n<td>Espace Montand \u2013 77176 Nandy<\/td>\n<td>16h (S\u00e9ance Tout Public)<\/td>\n<\/tr>\n<\/tbody>\n<\/table>\n<p>&nbsp;<\/p>\n<p><strong>VENDREDI 25 MARS 2016<\/strong><\/p>\n<table>\n<tbody>\n<tr>\n<td><a href=\"http:\/\/www.tintinnabule.fr\/wordpress\/?p=674\">Niet Popov<\/a><\/td>\n<td><a href=\"http:\/\/www.tintinnabule.fr\/wordpress\/?p=674\">David Sire<\/a><\/td>\n<td>Chanson<\/td>\n<td>Espace Pr\u00e9vert \u2013 77176 Savigny-le-Temple<\/td>\n<td>20h30 (S\u00e9ance Tout Public)<\/td>\n<\/tr>\n<\/tbody>\n<\/table>\n<p>&nbsp;<\/p>\n<p><strong>DIMANCHE 3 AVRIL 2016<\/strong><\/p>\n<table>\n<tbody>\n<tr>\n<td><a href=\"http:\/\/www.tintinnabule.fr\/wordpress\/?p=677\">Oh ! Les mains<\/a><\/td>\n<td><a href=\"http:\/\/www.tintinnabule.fr\/wordpress\/?p=677\">Jacques Haurogn\u00e9<\/a><\/td>\n<td>Chanson<\/td>\n<td>\u00c0 partir de 2 ans\/50 min<\/td>\n<td>La Ferme des Arts \u2013 77240 Vert-Saint-Denis<\/td>\n<td>16h (S\u00e9ance Tout Public)<\/td>\n<\/tr>\n<\/tbody>\n<\/table>\n<p>&nbsp;<\/p>\n<p><strong>MERCREDI 6 AVRIL 2016<\/strong><\/p>\n<table>\n<tbody>\n<tr>\n<td><a href=\"http:\/\/www.tintinnabule.fr\/wordpress\/?p=682\">Patchwork<\/a><\/td>\n<td><a href=\"http:\/\/www.tintinnabule.fr\/wordpress\/?p=682\">Pierre Ch\u00eane<\/a><\/td>\n<td>Chanson<\/td>\n<td>La Coupole \u2013 77380 Combs-la-Ville<\/td>\n<td>14h15 (S\u00e9ance Tout Public)<\/td>\n<\/tr>\n<\/tbody>\n<\/table>\n<p>&nbsp;<\/p>\n<p><strong>VENDREDI 8 AVRIL 2016<\/strong> (Dans le cadre du \u00ab Talent Musique Jeune Public ADAMI \u00bb)<\/p>\n<table>\n<tbody>\n<tr>\n<td><a href=\"http:\/\/www.tintinnabule.fr\/wordpress\/?p=686\">Nola Black Soul<\/a><\/td>\n<td>Chanson<\/td>\n<td>La Coupole \u2013 77380 Combs-la-Ville<\/td>\n<td>20h30 (S\u00e9ance Tout Public)<\/td>\n<\/tr>\n<\/tbody>\n<\/table>\n<p>&nbsp;<\/p>\n","protected":false},"excerpt":{"rendered":"<p>Festival 2016 s\u00e9ances publiques &nbsp; MERCREDI 9 MARS 2016 Chante mi chante moi Cie Go\u00fbtes-y-donc Chanson Les 18 Marches \u2013 77550 Moissy-Cramayel 14h30 (S\u00e9ance Tout Public) &nbsp; SAMEDI 12 MARS 2016 (en partenariat avec la DDCS 77) ANNUL\u00c9 Entre terre et ciel Genevi\u00e8ve Laloy Chanson Centre de R\u00e9adaptation \u2013 77170 Coubert 19h00 (S\u00e9ance Tout Public) [&hellip;]<\/p>\n","protected":false},"author":1,"featured_media":0,"parent":0,"menu_order":0,"comment_status":"closed","ping_status":"closed","template":"","meta":{"footnotes":""},"class_list":["post-655","page","type-page","status-publish","hentry"],"_links":{"self":[{"href":"https:\/\/www.tintinnabule.fr\/wordpress\/index.php?rest_route=\/wp\/v2\/pages\/655","targetHints":{"allow":["GET"]}}],"collection":[{"href":"https:\/\/www.tintinnabule.fr\/wordpress\/index.php?rest_route=\/wp\/v2\/pages"}],"about":[{"href":"https:\/\/www.tintinnabule.fr\/wordpress\/index.php?rest_route=\/wp\/v2\/types\/page"}],"author":[{"embeddable":true,"href":"https:\/\/www.tintinnabule.fr\/wordpress\/index.php?rest_route=\/wp\/v2\/users\/1"}],"replies":[{"embeddable":true,"href":"https:\/\/www.tintinnabule.fr\/wordpress\/index.php?rest_route=%2Fwp%2Fv2%2Fcomments&post=655"}],"version-history":[{"count":9,"href":"https:\/\/www.tintinnabule.fr\/wordpress\/index.php?rest_route=\/wp\/v2\/pages\/655\/revisions"}],"predecessor-version":[{"id":730,"href":"https:\/\/www.tintinnabule.fr\/wordpress\/index.php?rest_route=\/wp\/v2\/pages\/655\/revisions\/730"}],"wp:attachment":[{"href":"https:\/\/www.tintinnabule.fr\/wordpress\/index.php?rest_route=%2Fwp%2Fv2%2Fmedia&parent=655"}],"curies":[{"name":"wp","href":"https:\/\/api.w.org\/{rel}","templated":true}]}}