{"id":719,"date":"2016-03-02T01:01:40","date_gmt":"2016-03-02T00:01:40","guid":{"rendered":"http:\/\/www.tintinnabule.fr\/wordpress\/?page_id=719"},"modified":"2018-01-14T12:38:19","modified_gmt":"2018-01-14T11:38:19","slug":"partenaires-du-festival","status":"publish","type":"page","link":"https:\/\/www.tintinnabule.fr\/wordpress\/?page_id=719","title":{"rendered":"Partenaires du festival 2018"},"content":{"rendered":"<div class=\"twoclick_social_bookmarks_post_719 social_share_privacy clearfix 1.6.4 locale-fr_FR sprite-\"><\/div><div class=\"twoclick-js\"><script type=\"text\/javascript\">\/* <![CDATA[ *\/\njQuery(document).ready(function($){if($('.twoclick_social_bookmarks_post_719')){$('.twoclick_social_bookmarks_post_719').socialSharePrivacy({\"txt_help\":\"Wenn Sie diese Felder durch einen Klick aktivieren, werden Informationen an Facebook, Twitter, Flattr, Xing, t3n, LinkedIn, Pinterest oder Google eventuell ins Ausland \\u00fcbertragen und unter Umst\\u00e4nden auch dort gespeichert. N\\u00e4heres erfahren Sie durch einen Klick auf das <em>i<\\\/em>.\",\"settings_perma\":\"Dauerhaft aktivieren und Daten\\u00fcber-tragung zustimmen:\",\"info_link\":\"http:\\\/\\\/www.heise.de\\\/ct\\\/artikel\\\/2-Klicks-fuer-mehr-Datenschutz-1333879.html\",\"uri\":\"https:\\\/\\\/www.tintinnabule.fr\\\/wordpress\\\/?page_id=719\",\"post_id\":719,\"post_title_referrer_track\":\"Partenaires+du+festival+2018\",\"display_infobox\":\"on\"});}});\n\/* ]]> *\/<\/script><\/div><p class=\"western\"><i><b>Un grand merci \u00e0 tous nos partenaires r\u00e9guliers et occasionnels, sans qui la manifestation ne pourrait avoir lieu\u00a0:<\/b><\/i><\/p>\n<ul>\n<li>Conseil D\u00e9partemental de Seine-et-Marne, Grand Paris Sud \u00ab\u00a0Seine-Essonne-S\u00e9nart\u00a0\u00bb, SACEM.<\/li>\n<li>Les villes de Fontainebleau, Combs-la-Ville, Nandy, Savigny-le-Temple, Lieusaint, Le SIC de Cesson\/Vert-Saint-Denis, Le M\u00e9e-sur-Seine, Moissy-Cramayel, Vert-Saint-Denis.<\/li>\n<li>Les salles\u00a0: Le Th\u00e9\u00e2tre de Fontainebleau, La MJC de Combs-la-Ville, La Coupole \u00e0 Combs-la-Ville, La Marge \u00e0 Lieusaint (sous r\u00e9serve), Le Mas au M\u00e9e-sur-Seine, L\u2019Espace Montand \u00e0 Nandy, La Rotonde \u00e0 Moissy-Cramayel, La Ferme des Arts \u00e0 Vert-Saint-Denis<\/li>\n<li>Les villes d\u2019accueil des spectacles, dans le cadre des \u00ab\u00a0Chansons Buissonni\u00e8res\u00a0\u00bb\u00a0: Ch\u00e2teau-Landon Provins, Pamfou(sous r\u00e9serve).<\/li>\n<li>Art Phonic, Ipsis Esat Elisa S\u00e9nart.<\/li>\n<li>Avec le soutien pour les Chansons Buissonni\u00e8res: du Conseil D\u00e9partemental de Seine-et-Marne, de la Communaut\u00e9 de Communes du Provinois, les villes du territoire du G\u00e2tinais, du Ch\u00e2telet-en-Brie.<\/li>\n<li>Et aussi, \u00e0 l\u2019Acad\u00e9mie Charles Cros et \u00e0 Monsieur Jean-Michel Boris (ancien directeur artistique de l\u2019Olympia et parrain d\u2019honneur du Festival)<\/li>\n<\/ul>\n","protected":false},"excerpt":{"rendered":"<p>Un grand merci \u00e0 tous nos partenaires r\u00e9guliers et occasionnels, sans qui la manifestation ne pourrait avoir lieu\u00a0: Conseil D\u00e9partemental de Seine-et-Marne, Grand Paris Sud \u00ab\u00a0Seine-Essonne-S\u00e9nart\u00a0\u00bb, SACEM. Les villes de Fontainebleau, Combs-la-Ville, Nandy, Savigny-le-Temple, Lieusaint, Le SIC de Cesson\/Vert-Saint-Denis, Le M\u00e9e-sur-Seine, Moissy-Cramayel, Vert-Saint-Denis. Les salles\u00a0: Le Th\u00e9\u00e2tre de Fontainebleau, La MJC de Combs-la-Ville, La Coupole [&hellip;]<\/p>\n","protected":false},"author":1,"featured_media":0,"parent":0,"menu_order":0,"comment_status":"closed","ping_status":"closed","template":"","meta":{"footnotes":""},"class_list":["post-719","page","type-page","status-publish","hentry"],"_links":{"self":[{"href":"https:\/\/www.tintinnabule.fr\/wordpress\/index.php?rest_route=\/wp\/v2\/pages\/719","targetHints":{"allow":["GET"]}}],"collection":[{"href":"https:\/\/www.tintinnabule.fr\/wordpress\/index.php?rest_route=\/wp\/v2\/pages"}],"about":[{"href":"https:\/\/www.tintinnabule.fr\/wordpress\/index.php?rest_route=\/wp\/v2\/types\/page"}],"author":[{"embeddable":true,"href":"https:\/\/www.tintinnabule.fr\/wordpress\/index.php?rest_route=\/wp\/v2\/users\/1"}],"replies":[{"embeddable":true,"href":"https:\/\/www.tintinnabule.fr\/wordpress\/index.php?rest_route=%2Fwp%2Fv2%2Fcomments&post=719"}],"version-history":[{"count":6,"href":"https:\/\/www.tintinnabule.fr\/wordpress\/index.php?rest_route=\/wp\/v2\/pages\/719\/revisions"}],"predecessor-version":[{"id":1006,"href":"https:\/\/www.tintinnabule.fr\/wordpress\/index.php?rest_route=\/wp\/v2\/pages\/719\/revisions\/1006"}],"wp:attachment":[{"href":"https:\/\/www.tintinnabule.fr\/wordpress\/index.php?rest_route=%2Fwp%2Fv2%2Fmedia&parent=719"}],"curies":[{"name":"wp","href":"https:\/\/api.w.org\/{rel}","templated":true}]}}