{"id":761,"date":"2017-02-16T22:18:03","date_gmt":"2017-02-16T21:18:03","guid":{"rendered":"http:\/\/www.tintinnabule.fr\/wordpress\/?page_id=761"},"modified":"2017-02-16T22:21:27","modified_gmt":"2017-02-16T21:21:27","slug":"edito-2017","status":"publish","type":"page","link":"https:\/\/www.tintinnabule.fr\/wordpress\/?page_id=761","title":{"rendered":"\u00c9dito 2017"},"content":{"rendered":"<div class=\"twoclick_social_bookmarks_post_761 social_share_privacy clearfix 1.6.4 locale-fr_FR sprite-\"><\/div><div class=\"twoclick-js\"><script type=\"text\/javascript\">\/* <![CDATA[ *\/\njQuery(document).ready(function($){if($('.twoclick_social_bookmarks_post_761')){$('.twoclick_social_bookmarks_post_761').socialSharePrivacy({\"txt_help\":\"Wenn Sie diese Felder durch einen Klick aktivieren, werden Informationen an Facebook, Twitter, Flattr, Xing, t3n, LinkedIn, Pinterest oder Google eventuell ins Ausland \\u00fcbertragen und unter Umst\\u00e4nden auch dort gespeichert. N\\u00e4heres erfahren Sie durch einen Klick auf das <em>i<\\\/em>.\",\"settings_perma\":\"Dauerhaft aktivieren und Daten\\u00fcber-tragung zustimmen:\",\"info_link\":\"http:\\\/\\\/www.heise.de\\\/ct\\\/artikel\\\/2-Klicks-fuer-mehr-Datenschutz-1333879.html\",\"uri\":\"https:\\\/\\\/www.tintinnabule.fr\\\/wordpress\\\/?page_id=761\",\"post_id\":761,\"post_title_referrer_track\":\"%C3%89dito+2017\",\"display_infobox\":\"on\"});}});\n\/* ]]> *\/<\/script><\/div><p>29<sup>e<\/sup> \u00e9dition du festival Tintinnabule !!! en 2018 se f\u00eatera ses 30 ann\u00e9es d\u2019existence, c\u2019est un bel \u00e2ge \u00a0et cela exprime la n\u00e9cessit\u00e9 d\u2019un festival autour de la chanson pour l\u2019enfance.<br \/>\nJe suis fier et heureux d\u2019\u00eatre le parrain d\u2019honneur de ce magnifique moment et cela depuis 11ans maintenant. Tintinnabule au fil des ans a \u00e9t\u00e9 reconnu par des organismes aussi importants que l\u2019ADAMI et l\u2019acad\u00e9mie Charles Cros. Ces organismes ont compris combien il \u00e9tait important<br \/>\nd\u2019aider et de participer \u00e0 ces moments de po\u00e9sie et de gr\u00e2ce qui vont s\u2019imprimer dans les souvenirs des \u00ab Petits\u00a0\u00bb et des\u00a0\u00ab Grands\u00a0\u00bb, et remplir leurs yeux d\u2019\u00e9toiles de bonheur.<br \/>\nTintinnabule est ce festival qui pourrait faire sienne la devise d\u2019un de ses participants, Gilles Pauget \u00bbOuvrir les oreilles des petits en faisant battre le c\u0153ur des grands\u00a0\u00bb.<br \/>\nCette belle phrase exprime la finalit\u00e9 du festival et ce pourquoi, j\u2019ai en tant que directeur artistique de l\u2019Olympia, essay\u00e9 de pr\u00e9senter aux moments de libert\u00e9 des enfants, des s\u00e9ries de spectacles pour eux. Cela fut long \u00e0 faire admettre mais je constate que bon nombre de salles de spectacles, th\u00e9\u00e2tre ou music-hall doublent en apr\u00e8s midi les spectacles du soir avec des s\u00e9ries pour les petits.<br \/>\nIl \u00e9tait n\u00e9cessaire et logique que le monde de l\u2019enfance ait acc\u00e8s \u00e0 l\u2019univers du spectacle. Tintinnabule a \u00e9t\u00e9 parmi les premiers \u00e0 le comprendre et malgr\u00e9 les difficult\u00e9s, \u00e0 l\u2019appliquer.<br \/>\nBravo \u00e0 Bernard Gournaey et son \u00e9quipe pour s\u2019\u00eatre battus comme des beaux diables pour l\u2019existence de TINTINNABULLE qui devra continuer son \u0153uvre et sa mission au cours des ann\u00e9es futures.<\/p>\n<p style=\"text-align: right;\">Jean Michel Boris, parrain d&#8217;honneur du 29e festival Tintinnabule \u00ab\u00a0Chansons pour l\u2019Enfance\u00a0\u00bb<\/p>\n","protected":false},"excerpt":{"rendered":"<p>29e \u00e9dition du festival Tintinnabule !!! en 2018 se f\u00eatera ses 30 ann\u00e9es d\u2019existence, c\u2019est un bel \u00e2ge \u00a0et cela exprime la n\u00e9cessit\u00e9 d\u2019un festival autour de la chanson pour l\u2019enfance. Je suis fier et heureux d\u2019\u00eatre le parrain d\u2019honneur de ce magnifique moment et cela depuis 11ans maintenant. Tintinnabule au fil des ans a [&hellip;]<\/p>\n","protected":false},"author":1,"featured_media":0,"parent":0,"menu_order":0,"comment_status":"closed","ping_status":"closed","template":"","meta":{"footnotes":""},"class_list":["post-761","page","type-page","status-publish","hentry"],"_links":{"self":[{"href":"https:\/\/www.tintinnabule.fr\/wordpress\/index.php?rest_route=\/wp\/v2\/pages\/761","targetHints":{"allow":["GET"]}}],"collection":[{"href":"https:\/\/www.tintinnabule.fr\/wordpress\/index.php?rest_route=\/wp\/v2\/pages"}],"about":[{"href":"https:\/\/www.tintinnabule.fr\/wordpress\/index.php?rest_route=\/wp\/v2\/types\/page"}],"author":[{"embeddable":true,"href":"https:\/\/www.tintinnabule.fr\/wordpress\/index.php?rest_route=\/wp\/v2\/users\/1"}],"replies":[{"embeddable":true,"href":"https:\/\/www.tintinnabule.fr\/wordpress\/index.php?rest_route=%2Fwp%2Fv2%2Fcomments&post=761"}],"version-history":[{"count":3,"href":"https:\/\/www.tintinnabule.fr\/wordpress\/index.php?rest_route=\/wp\/v2\/pages\/761\/revisions"}],"predecessor-version":[{"id":764,"href":"https:\/\/www.tintinnabule.fr\/wordpress\/index.php?rest_route=\/wp\/v2\/pages\/761\/revisions\/764"}],"wp:attachment":[{"href":"https:\/\/www.tintinnabule.fr\/wordpress\/index.php?rest_route=%2Fwp%2Fv2%2Fmedia&parent=761"}],"curies":[{"name":"wp","href":"https:\/\/api.w.org\/{rel}","templated":true}]}}