{"id":819,"date":"2017-01-31T23:19:35","date_gmt":"2017-01-31T22:19:35","guid":{"rendered":"http:\/\/www.tintinnabule.fr\/wordpress\/?page_id=819"},"modified":"2017-02-20T22:00:40","modified_gmt":"2017-02-20T21:00:40","slug":"programmation-publique-2017","status":"publish","type":"page","link":"https:\/\/www.tintinnabule.fr\/wordpress\/?page_id=819","title":{"rendered":"Programmation publique 2017"},"content":{"rendered":"<div class=\"twoclick_social_bookmarks_post_819 social_share_privacy clearfix 1.6.4 locale-fr_FR sprite-\"><\/div><div class=\"twoclick-js\"><script type=\"text\/javascript\">\/* <![CDATA[ *\/\njQuery(document).ready(function($){if($('.twoclick_social_bookmarks_post_819')){$('.twoclick_social_bookmarks_post_819').socialSharePrivacy({\"txt_help\":\"Wenn Sie diese Felder durch einen Klick aktivieren, werden Informationen an Facebook, Twitter, Flattr, Xing, t3n, LinkedIn, Pinterest oder Google eventuell ins Ausland \\u00fcbertragen und unter Umst\\u00e4nden auch dort gespeichert. N\\u00e4heres erfahren Sie durch einen Klick auf das <em>i<\\\/em>.\",\"settings_perma\":\"Dauerhaft aktivieren und Daten\\u00fcber-tragung zustimmen:\",\"info_link\":\"http:\\\/\\\/www.heise.de\\\/ct\\\/artikel\\\/2-Klicks-fuer-mehr-Datenschutz-1333879.html\",\"uri\":\"https:\\\/\\\/www.tintinnabule.fr\\\/wordpress\\\/?page_id=819\",\"post_id\":819,\"post_title_referrer_track\":\"Programmation+publique+2017\",\"display_infobox\":\"on\"});}});\n\/* ]]> *\/<\/script><\/div><h2 style=\"text-align: center;\">Festival 2017<\/h2>\n<h2 style=\"text-align: center;\">s\u00e9ances publiques<\/h2>\n<p>&nbsp;<\/p>\n<p><strong>Mercredi 22 f\u00e9vrier 2017<\/strong><\/p>\n<table>\n<tbody>\n<tr>\n<td><a href=\"http:\/\/www.tintinnabule.fr\/wordpress\/?p=749\">Gilles Pauget<\/a><\/td>\n<td><a href=\"http:\/\/www.tintinnabule.fr\/wordpress\/?p=749\">Pourvu qu&#8217;il pleuve<\/a><\/td>\n<td>Chanson<\/td>\n<td>Th\u00e9\u00e2tre &#8211; 77300 Fontainebleau<\/td>\n<td>18h30 (S\u00e9ance Tout Public)<\/td>\n<\/tr>\n<\/tbody>\n<\/table>\n<p>&nbsp;<\/p>\n<p><strong>Mercredi 8 mars 2017<\/strong><\/p>\n<table>\n<tbody>\n<tr>\n<td><a href=\"http:\/\/www.tintinnabule.fr\/wordpress\/?p=754\">Origami et canetons d\u00e9gourdis<\/a><\/td>\n<td><a href=\"http:\/\/www.tintinnabule.fr\/wordpress\/?p=754\">Virginie Capizzi<\/a><\/td>\n<td>Chanson<\/td>\n<td>Th\u00e9\u00e2tre La Coupole \u2013 77380 Combs la ville<\/td>\n<td>14h15 et 16h (S\u00e9ance Tout Public)<\/td>\n<\/tr>\n<\/tbody>\n<\/table>\n<p>&nbsp;<\/p>\n<p><strong>Vendredi 10 mars 2017<\/strong><\/p>\n<table>\n<tbody>\n<tr>\n<td><a href=\"http:\/\/www.tintinnabule.fr\/wordpress\/?p=778\">Concert dessin\u00e9<\/a><\/td>\n<td><a href=\"http:\/\/www.tintinnabule.fr\/wordpress\/?p=778\">Steve Waring<\/a><\/td>\n<td>&#8211;<\/td>\n<td>45 mn<\/td>\n<td>La Coupole (Th\u00e9\u00e2tre) \u2013 77380 Combs-la-Ville<\/td>\n<td>20h30 (S\u00e9ance Tout Public)<\/td>\n<\/tr>\n<\/tbody>\n<\/table>\n<p>&nbsp;<\/p>\n<p><strong>Dimanche 12 mars 2017<\/strong><\/p>\n<table>\n<tbody>\n<tr>\n<td><a href=\"http:\/\/www.tintinnabule.fr\/wordpress\/?p=785\">C\u2019est parti mon kiki<\/a><\/td>\n<td><a href=\"http:\/\/www.tintinnabule.fr\/wordpress\/?p=785\">Jacques Tellitoci<\/a><\/td>\n<td>Instrumental<\/td>\n<td>Espace Montand \u2013 77176 Nandy<\/td>\n<td>16h (S\u00e9ance Tout Public)<\/td>\n<\/tr>\n<\/tbody>\n<\/table>\n<p>&nbsp;<\/p>\n<p><strong>Dimanche 19 mars 2017<\/strong><\/p>\n<table>\n<tbody>\n<tr>\n<td><a href=\"http:\/\/www.tintinnabule.fr\/wordpress\/?p=791\"> De Jojo \u00e0 Lola<\/a><\/td>\n<td><a href=\"http:\/\/www.tintinnabule.fr\/wordpress\/?p=791\">Catherine Vaniscotte<\/a><\/td>\n<td>&#8211;<\/td>\n<td>\u00c0 partir de 4 ans<\/td>\n<td>La Ferme des Arts \u2013 77240 Vert-Saint-Denis<\/td>\n<td>16h (S\u00e9ance Tout Public)<\/td>\n<\/tr>\n<\/tbody>\n<\/table>\n<p>&nbsp;<\/p>\n<p><strong>Mercredi 22 mars 2017<\/strong> : en partenariat avec la DDCS 77<\/p>\n<table>\n<tbody>\n<tr>\n<td><a href=\"http:\/\/www.tintinnabule.fr\/wordpress\/?p=794\">Cr\u00e9ation<\/a><\/td>\n<td><a href=\"http:\/\/www.tintinnabule.fr\/wordpress\/?p=794\">Genevi\u00e8ve Laloy<\/a><\/td>\n<td>Chanson<\/td>\n<td>La Rotonde \u2013 77550 Moissy-Cramayel<\/td>\n<td>14h15 (S\u00e9ance Tout Public)<\/td>\n<\/tr>\n<\/tbody>\n<\/table>\n<p>&nbsp;<\/p>\n<p><strong>Dimanche 26 mars 2017<\/strong><\/p>\n<table>\n<tbody>\n<tr>\n<td><a href=\"http:\/\/www.tintinnabule.fr\/wordpress\/?p=797\">L\u2019Autre c\u00f4t\u00e9<\/a><\/td>\n<td><a href=\"http:\/\/www.tintinnabule.fr\/wordpress\/?p=797\">Herv\u00e9 Demon<\/a><\/td>\n<td>&#8211;<\/td>\n<td>\u00c0 partir de 7 ans<\/td>\n<td>MJC \u2013 77380 Combs-la-Ville<\/td>\n<td>16h (S\u00e9ance Tout Public)<\/td>\n<\/tr>\n<\/tbody>\n<\/table>\n<a href=\"https:\/\/www.tintinnabule.fr\/wordpress\/wp-content\/uploads\/2017\/02\/TINTINNABULE-program2017-version-web.pdf\" class=\"pdfemb-viewer\" style=\"\" data-width=\"max\" data-height=\"max\" data-toolbar=\"bottom\" data-toolbar-fixed=\"off\">TINTINNABULE-program2017-version web<\/a>\n","protected":false},"excerpt":{"rendered":"<p>Festival 2017 s\u00e9ances publiques &nbsp; Mercredi 22 f\u00e9vrier 2017 Gilles Pauget Pourvu qu&#8217;il pleuve Chanson Th\u00e9\u00e2tre &#8211; 77300 Fontainebleau 18h30 (S\u00e9ance Tout Public) &nbsp; Mercredi 8 mars 2017 Origami et canetons d\u00e9gourdis Virginie Capizzi Chanson Th\u00e9\u00e2tre La Coupole \u2013 77380 Combs la ville 14h15 et 16h (S\u00e9ance Tout Public) &nbsp; Vendredi 10 mars 2017 Concert [&hellip;]<\/p>\n","protected":false},"author":1,"featured_media":0,"parent":0,"menu_order":0,"comment_status":"closed","ping_status":"closed","template":"","meta":{"footnotes":""},"class_list":["post-819","page","type-page","status-publish","hentry"],"_links":{"self":[{"href":"https:\/\/www.tintinnabule.fr\/wordpress\/index.php?rest_route=\/wp\/v2\/pages\/819","targetHints":{"allow":["GET"]}}],"collection":[{"href":"https:\/\/www.tintinnabule.fr\/wordpress\/index.php?rest_route=\/wp\/v2\/pages"}],"about":[{"href":"https:\/\/www.tintinnabule.fr\/wordpress\/index.php?rest_route=\/wp\/v2\/types\/page"}],"author":[{"embeddable":true,"href":"https:\/\/www.tintinnabule.fr\/wordpress\/index.php?rest_route=\/wp\/v2\/users\/1"}],"replies":[{"embeddable":true,"href":"https:\/\/www.tintinnabule.fr\/wordpress\/index.php?rest_route=%2Fwp%2Fv2%2Fcomments&post=819"}],"version-history":[{"count":4,"href":"https:\/\/www.tintinnabule.fr\/wordpress\/index.php?rest_route=\/wp\/v2\/pages\/819\/revisions"}],"predecessor-version":[{"id":844,"href":"https:\/\/www.tintinnabule.fr\/wordpress\/index.php?rest_route=\/wp\/v2\/pages\/819\/revisions\/844"}],"wp:attachment":[{"href":"https:\/\/www.tintinnabule.fr\/wordpress\/index.php?rest_route=%2Fwp%2Fv2%2Fmedia&parent=819"}],"curies":[{"name":"wp","href":"https:\/\/api.w.org\/{rel}","templated":true}]}}