{"id":833,"date":"2017-02-17T02:00:30","date_gmt":"2017-02-17T01:00:30","guid":{"rendered":"http:\/\/www.tintinnabule.fr\/wordpress\/?page_id=833"},"modified":"2017-02-17T02:00:30","modified_gmt":"2017-02-17T01:00:30","slug":"programmation-scolaire-2017","status":"publish","type":"page","link":"https:\/\/www.tintinnabule.fr\/wordpress\/?page_id=833","title":{"rendered":"Programmation scolaire 2017"},"content":{"rendered":"<div class=\"twoclick_social_bookmarks_post_833 social_share_privacy clearfix 1.6.4 locale-fr_FR sprite-\"><\/div><div class=\"twoclick-js\"><script type=\"text\/javascript\">\/* <![CDATA[ *\/\njQuery(document).ready(function($){if($('.twoclick_social_bookmarks_post_833')){$('.twoclick_social_bookmarks_post_833').socialSharePrivacy({\"txt_help\":\"Wenn Sie diese Felder durch einen Klick aktivieren, werden Informationen an Facebook, Twitter, Flattr, Xing, t3n, LinkedIn, Pinterest oder Google eventuell ins Ausland \\u00fcbertragen und unter Umst\\u00e4nden auch dort gespeichert. N\\u00e4heres erfahren Sie durch einen Klick auf das <em>i<\\\/em>.\",\"settings_perma\":\"Dauerhaft aktivieren und Daten\\u00fcber-tragung zustimmen:\",\"info_link\":\"http:\\\/\\\/www.heise.de\\\/ct\\\/artikel\\\/2-Klicks-fuer-mehr-Datenschutz-1333879.html\",\"uri\":\"https:\\\/\\\/www.tintinnabule.fr\\\/wordpress\\\/?page_id=833\",\"post_id\":833,\"post_title_referrer_track\":\"Programmation+scolaire+2017\",\"display_infobox\":\"on\"});}});\n\/* ]]> *\/<\/script><\/div><h2 style=\"text-align: center;\">Festival 2017<\/h2>\n<h2 style=\"text-align: center;\">s\u00e9ances scolaires<\/h2>\n<p>Liste des artistes se produisant lors de s\u00e9ances scolaires :<\/p>\n<p><a href=\"http:\/\/www.tintinnabule.fr\/wordpress\/?p=749\">Gilles Pauget : Pourvu qu&#8217;il pleuve !<\/a><\/p>\n<p><a href=\"http:\/\/www.tintinnabule.fr\/wordpress\/?p=803\">Carton Compagnie : Z\u00e9brichon<\/a><\/p>\n<p><a href=\"http:\/\/www.tintinnabule.fr\/wordpress\/?p=778\">Steve Waring : concert dessin\u00e9<\/a><\/p>\n<p><a href=\"http:\/\/www.tintinnabule.fr\/wordpress\/?p=806\">Lors Jouin et So\u00efg Sib\u00e9ril : Concert<\/a><\/p>\n<p><a href=\"http:\/\/www.tintinnabule.fr\/wordpress\/?p=789\">Serena Fisseau : D\u2019une ile \u00e0 l\u2019autre<\/a><\/p>\n<p><a href=\"http:\/\/www.tintinnabule.fr\/wordpress\/?p=815\">Sabine Corr\u00e9 \u2013 S\u00e9ruzier : Cin\u00e9 Concert<\/a><\/p>\n<p><a href=\"http:\/\/www.tintinnabule.fr\/wordpress\/?p=812\">Gil Chovet : R\u00e9cital<\/a><\/p>\n<p><a href=\"http:\/\/www.tintinnabule.fr\/wordpress\/?p=809\">Jacques Haurogn\u00e9 : Oh ! Les mains<\/a><\/p>\n<p>&nbsp;<\/p>\n","protected":false},"excerpt":{"rendered":"<p>Festival 2017 s\u00e9ances scolaires Liste des artistes se produisant lors de s\u00e9ances scolaires : Gilles Pauget : Pourvu qu&#8217;il pleuve ! Carton Compagnie : Z\u00e9brichon Steve Waring : concert dessin\u00e9 Lors Jouin et So\u00efg Sib\u00e9ril : Concert Serena Fisseau : D\u2019une ile \u00e0 l\u2019autre Sabine Corr\u00e9 \u2013 S\u00e9ruzier : Cin\u00e9 Concert Gil Chovet : R\u00e9cital [&hellip;]<\/p>\n","protected":false},"author":1,"featured_media":0,"parent":0,"menu_order":0,"comment_status":"closed","ping_status":"closed","template":"","meta":{"footnotes":""},"class_list":["post-833","page","type-page","status-publish","hentry"],"_links":{"self":[{"href":"https:\/\/www.tintinnabule.fr\/wordpress\/index.php?rest_route=\/wp\/v2\/pages\/833","targetHints":{"allow":["GET"]}}],"collection":[{"href":"https:\/\/www.tintinnabule.fr\/wordpress\/index.php?rest_route=\/wp\/v2\/pages"}],"about":[{"href":"https:\/\/www.tintinnabule.fr\/wordpress\/index.php?rest_route=\/wp\/v2\/types\/page"}],"author":[{"embeddable":true,"href":"https:\/\/www.tintinnabule.fr\/wordpress\/index.php?rest_route=\/wp\/v2\/users\/1"}],"replies":[{"embeddable":true,"href":"https:\/\/www.tintinnabule.fr\/wordpress\/index.php?rest_route=%2Fwp%2Fv2%2Fcomments&post=833"}],"version-history":[{"count":1,"href":"https:\/\/www.tintinnabule.fr\/wordpress\/index.php?rest_route=\/wp\/v2\/pages\/833\/revisions"}],"predecessor-version":[{"id":834,"href":"https:\/\/www.tintinnabule.fr\/wordpress\/index.php?rest_route=\/wp\/v2\/pages\/833\/revisions\/834"}],"wp:attachment":[{"href":"https:\/\/www.tintinnabule.fr\/wordpress\/index.php?rest_route=%2Fwp%2Fv2%2Fmedia&parent=833"}],"curies":[{"name":"wp","href":"https:\/\/api.w.org\/{rel}","templated":true}]}}